{"id":2,"date":"2016-04-14T16:41:23","date_gmt":"2016-04-14T16:41:23","guid":{"rendered":"http:\/\/seltenlach-messebau.at\/?page_id=2"},"modified":"2022-06-08T17:28:24","modified_gmt":"2022-06-08T17:28:24","slug":"startseite","status":"publish","type":"page","link":"https:\/\/seltenlach-messebau.at\/","title":{"rendered":"Startseite"},"content":{"rendered":"\n<p><strong>Herzlich Willkommen auf der Webpr\u00e4senz der Firma Messebau Seltenlach<\/strong><\/p>\n\n\n\n<p><\/p>\n\n\n\n<p>Was wir Ihnen bieten:<\/p>\n\n\n\n<div class=\"wp-block-columns is-layout-flex wp-container-5 wp-block-columns-is-layout-flex\">\n<div class=\"wp-block-column is-layout-flow wp-block-column-is-layout-flow\" style=\"flex-basis:100%\">\n<div class=\"wp-block-columns is-layout-flex wp-container-3 wp-block-columns-is-layout-flex\">\n<div class=\"wp-block-column is-layout-flow wp-block-column-is-layout-flow\">\n<p><strong>Raumausstatter<\/strong><\/p>\n\n\n\n<p>Seit mehr als 50 Jahren sind wir Ihr zuverl\u00e4ssiger Partner und bieten umfangreiche Dienstleistungen f\u00fcr die Gestaltung Ihrer R\u00e4ume an. Darunter befinden sich etwa<\/p>\n\n\n\n<ul><li>Aufpolsterungsarbeiten und \u00fcberziehen diverser M\u00f6bel<\/li><li>Bodenverlegungen<\/li><li>Maler- und Tapeziererarbeiten<\/li><li>Ausmessen &amp; Konfektionieren Ihrer Vorh\u00e4nge und Insektenschutz<\/li><li>und noch vieles mehr<\/li><\/ul>\n\n\n\n<p>Alle Arbeiten f\u00fchren wir lokal in unserer Werkstatt in Klosterneuburg per Handarbeit durch.<\/p>\n<\/div>\n\n\n\n<div class=\"wp-block-column is-layout-flow wp-block-column-is-layout-flow\">\n<figure class=\"wp-block-image size-large is-resized\"><img decoding=\"async\" loading=\"lazy\" src=\"https:\/\/seltenlach-messebau.at\/wp-content\/uploads\/2016\/12\/IMG_1435-768x1024.jpg\" alt=\"\" class=\"wp-image-379\" width=\"300\" height=\"400\" srcset=\"https:\/\/seltenlach-messebau.at\/wp-content\/uploads\/2016\/12\/IMG_1435-768x1024.jpg 768w, https:\/\/seltenlach-messebau.at\/wp-content\/uploads\/2016\/12\/IMG_1435-225x300.jpg 225w\" sizes=\"(max-width: 300px) 100vw, 300px\" \/><\/figure>\n<\/div>\n<\/div>\n<\/div>\n<\/div>\n\n\n\n<div class=\"wp-block-columns is-layout-flex wp-container-8 wp-block-columns-is-layout-flex\">\n<div class=\"wp-block-column is-layout-flow wp-block-column-is-layout-flow\">\n<p><strong>Messebau<\/strong><\/p>\n\n\n\n<p>Klassische Messebauweise \u2013 tischlerm\u00e4ssig gefertigt \u2013 oder Mischbauweise.<\/p>\n\n\n\n<p>Unser qualifiziertes Montageteam garantiert einen sachgem\u00e4ssen Aufbau, schl\u00fcsselfertige L\u00f6sungen.<\/p>\n\n\n\n<p>Messest\u00e4nde von der kleinen Promotion, bis zum Stockstand, von der Einzelvitrine \u00fcber Serienanfertigungen.<\/p>\n\n\n\n<p>Wir bieten Entwurf, Produktion, Transport, Auf- und Abbau mit Fachpersonal sowie Einlagerung, Serviceleistungen auch w\u00e4hrend der Messe.<\/p>\n\n\n\n<p>Die bekannten Systeme OKTANORM, STRUKTURA und MERO<br>erlauben es uns sehr variabel und individuell zu sein.<\/p>\n<\/div>\n\n\n\n<div class=\"wp-block-column is-layout-flow wp-block-column-is-layout-flow\">\n<p><\/p>\n\n\n\n<figure class=\"wp-block-image size-large is-resized is-style-default\"><img decoding=\"async\" loading=\"lazy\" src=\"https:\/\/seltenlach-messebau.at\/wp-content\/uploads\/2019\/07\/IMG_4946-1024x768.jpg\" alt=\"\" class=\"wp-image-414\" width=\"512\" height=\"384\" srcset=\"https:\/\/seltenlach-messebau.at\/wp-content\/uploads\/2019\/07\/IMG_4946-1024x768.jpg 1024w, https:\/\/seltenlach-messebau.at\/wp-content\/uploads\/2019\/07\/IMG_4946-300x225.jpg 300w, https:\/\/seltenlach-messebau.at\/wp-content\/uploads\/2019\/07\/IMG_4946-768x576.jpg 768w\" sizes=\"(max-width: 512px) 100vw, 512px\" \/><\/figure>\n<\/div>\n<\/div>\n\n\n\n<p><br><br><\/p>\n","protected":false},"excerpt":{"rendered":"<p>Herzlich Willkommen auf der Webpr\u00e4senz der Firma Messebau Seltenlach Was wir Ihnen bieten: Raumausstatter Seit mehr als 50 Jahren sind wir Ihr zuverl\u00e4ssiger Partner und bieten umfangreiche Dienstleistungen f\u00fcr die Gestaltung Ihrer R\u00e4ume an. Darunter befinden sich etwa Aufpolsterungsarbeiten und \u00fcberziehen diverser M\u00f6bel Bodenverlegungen Maler- und Tapeziererarbeiten Ausmessen &amp; Konfektionieren Ihrer Vorh\u00e4nge und Insektenschutz und &#8230; <a title=\"Startseite\" class=\"read-more\" href=\"https:\/\/seltenlach-messebau.at\/\" aria-label=\"Mehr dazu unter Startseite\">Weiterlesen<\/a><\/p>\n","protected":false},"author":1,"featured_media":0,"parent":0,"menu_order":0,"comment_status":"closed","ping_status":"open","template":"","meta":{"footnotes":""},"yoast_head":"<!-- This site is optimized with the Yoast SEO plugin v19.0 - https:\/\/yoast.com\/wordpress\/plugins\/seo\/ -->\n<title>Seltenlach Messebau &amp; Raumausstatter \u2013 Klosterneuburg - Bernhard Nuding<\/title>\n<meta name=\"description\" content=\"Seit mehr als 50 Jahren sind wir Ihr zuverl\u00e4ssiger Partner in Klosterneuburg N\u00e4he Wien und bieten umfangreiche Dienstleistungen f\u00fcr die Gestaltung Ihrer R\u00e4ume an. Darunter befinden sich etwa Aufpolsterungsarbeiten, M\u00f6bel, Bodenverlegungen, Maler, Tapezierer Arbeiten, Ausmessen &amp; Konfektionieren Ihrer Vorh\u00e4nge, Insektenschutz, Jalousien, Plissee, Rollos, Vorhangstangen, Karniesen und noch vieles mehr. Messebau: Klassische Messebauweise, tischlerm\u00e4ssig gefertigt oder Mischbauweise \u00fcber Oktanorm, Struktura und Mero\" \/>\n<meta name=\"robots\" content=\"index, follow, max-snippet:-1, max-image-preview:large, max-video-preview:-1\" \/>\n<link rel=\"canonical\" href=\"https:\/\/seltenlach-messebau.at\/\" \/>\n<meta property=\"og:locale\" content=\"de_DE\" \/>\n<meta property=\"og:type\" content=\"article\" \/>\n<meta property=\"og:title\" content=\"Seltenlach Messebau &amp; Raumausstatter \u2013 Klosterneuburg - Bernhard Nuding\" \/>\n<meta property=\"og:description\" content=\"Seit mehr als 50 Jahren sind wir Ihr zuverl\u00e4ssiger Partner in Klosterneuburg N\u00e4he Wien und bieten umfangreiche Dienstleistungen f\u00fcr die Gestaltung Ihrer R\u00e4ume an. Darunter befinden sich etwa Aufpolsterungsarbeiten, M\u00f6bel, Bodenverlegungen, Maler, Tapezierer Arbeiten, Ausmessen &amp; Konfektionieren Ihrer Vorh\u00e4nge, Insektenschutz, Jalousien, Plissee, Rollos, Vorhangstangen, Karniesen und noch vieles mehr. Messebau: Klassische Messebauweise, tischlerm\u00e4ssig gefertigt oder Mischbauweise \u00fcber Oktanorm, Struktura und Mero\" \/>\n<meta property=\"og:url\" content=\"https:\/\/seltenlach-messebau.at\/\" \/>\n<meta property=\"og:site_name\" content=\"Seltenlach Messebau &amp; Raumausstatter\" \/>\n<meta property=\"article:modified_time\" content=\"2022-06-08T17:28:24+00:00\" \/>\n<meta property=\"og:image\" content=\"https:\/\/seltenlach-messebau.at\/wp-content\/uploads\/2016\/12\/IMG_1435-768x1024.jpg\" \/>\n<meta name=\"twitter:card\" content=\"summary_large_image\" \/>\n<meta name=\"twitter:label1\" content=\"Gesch\u00e4tzte Lesezeit\" \/>\n\t<meta name=\"twitter:data1\" content=\"2\u00a0Minuten\" \/>\n<script type=\"application\/ld+json\" class=\"yoast-schema-graph\">{\"@context\":\"https:\/\/schema.org\",\"@graph\":[{\"@type\":\"Organization\",\"@id\":\"https:\/\/seltenlach-messebau.at\/#organization\",\"name\":\"Seltenlach Messebau & Raumausstatter\",\"url\":\"https:\/\/seltenlach-messebau.at\/\",\"sameAs\":[],\"logo\":{\"@type\":\"ImageObject\",\"inLanguage\":\"de\",\"@id\":\"https:\/\/seltenlach-messebau.at\/#\/schema\/logo\/image\/\",\"url\":\"https:\/\/seltenlach-messebau.at\/wp-content\/uploads\/2016\/05\/Bildschirmfoto-2016-05-05-um-15.00.49.png\",\"contentUrl\":\"https:\/\/seltenlach-messebau.at\/wp-content\/uploads\/2016\/05\/Bildschirmfoto-2016-05-05-um-15.00.49.png\",\"width\":331,\"height\":120,\"caption\":\"Seltenlach Messebau & Raumausstatter\"},\"image\":{\"@id\":\"https:\/\/seltenlach-messebau.at\/#\/schema\/logo\/image\/\"}},{\"@type\":\"WebSite\",\"@id\":\"https:\/\/seltenlach-messebau.at\/#website\",\"url\":\"https:\/\/seltenlach-messebau.at\/\",\"name\":\"Seltenlach Messebau &amp; Raumausstatter\",\"description\":\"Inhaber: Bernhard Nuding\",\"publisher\":{\"@id\":\"https:\/\/seltenlach-messebau.at\/#organization\"},\"potentialAction\":[{\"@type\":\"SearchAction\",\"target\":{\"@type\":\"EntryPoint\",\"urlTemplate\":\"https:\/\/seltenlach-messebau.at\/?s={search_term_string}\"},\"query-input\":\"required name=search_term_string\"}],\"inLanguage\":\"de\"},{\"@type\":\"ImageObject\",\"inLanguage\":\"de\",\"@id\":\"https:\/\/seltenlach-messebau.at\/#primaryimage\",\"url\":\"https:\/\/seltenlach-messebau.at\/wp-content\/uploads\/2016\/12\/IMG_1435.jpg\",\"contentUrl\":\"https:\/\/seltenlach-messebau.at\/wp-content\/uploads\/2016\/12\/IMG_1435.jpg\",\"width\":2448,\"height\":3264},{\"@type\":\"WebPage\",\"@id\":\"https:\/\/seltenlach-messebau.at\/#webpage\",\"url\":\"https:\/\/seltenlach-messebau.at\/\",\"name\":\"Seltenlach Messebau & Raumausstatter \u2013 Klosterneuburg - Bernhard Nuding\",\"isPartOf\":{\"@id\":\"https:\/\/seltenlach-messebau.at\/#website\"},\"primaryImageOfPage\":{\"@id\":\"https:\/\/seltenlach-messebau.at\/#primaryimage\"},\"datePublished\":\"2016-04-14T16:41:23+00:00\",\"dateModified\":\"2022-06-08T17:28:24+00:00\",\"description\":\"Seit mehr als 50 Jahren sind wir Ihr zuverl\u00e4ssiger Partner in Klosterneuburg N\u00e4he Wien und bieten umfangreiche Dienstleistungen f\u00fcr die Gestaltung Ihrer R\u00e4ume an. Darunter befinden sich etwa Aufpolsterungsarbeiten, M\u00f6bel, Bodenverlegungen, Maler, Tapezierer Arbeiten, Ausmessen & Konfektionieren Ihrer Vorh\u00e4nge, Insektenschutz, Jalousien, Plissee, Rollos, Vorhangstangen, Karniesen und noch vieles mehr. Messebau: Klassische Messebauweise, tischlerm\u00e4ssig gefertigt oder Mischbauweise \u00fcber Oktanorm, Struktura und Mero\",\"breadcrumb\":{\"@id\":\"https:\/\/seltenlach-messebau.at\/#breadcrumb\"},\"inLanguage\":\"de\",\"potentialAction\":[{\"@type\":\"ReadAction\",\"target\":[\"https:\/\/seltenlach-messebau.at\/\"]}]},{\"@type\":\"BreadcrumbList\",\"@id\":\"https:\/\/seltenlach-messebau.at\/#breadcrumb\",\"itemListElement\":[{\"@type\":\"ListItem\",\"position\":1,\"name\":\"Startseite\",\"item\":\"https:\/\/seltenlach-messebau.at\/\"},{\"@type\":\"ListItem\",\"position\":2,\"name\":\"Startseite\"}]}]}<\/script>\n<!-- \/ Yoast SEO plugin. -->","yoast_head_json":{"title":"Seltenlach Messebau & Raumausstatter \u2013 Klosterneuburg - Bernhard Nuding","description":"Seit mehr als 50 Jahren sind wir Ihr zuverl\u00e4ssiger Partner in Klosterneuburg N\u00e4he Wien und bieten umfangreiche Dienstleistungen f\u00fcr die Gestaltung Ihrer R\u00e4ume an. Darunter befinden sich etwa Aufpolsterungsarbeiten, M\u00f6bel, Bodenverlegungen, Maler, Tapezierer Arbeiten, Ausmessen & Konfektionieren Ihrer Vorh\u00e4nge, Insektenschutz, Jalousien, Plissee, Rollos, Vorhangstangen, Karniesen und noch vieles mehr. Messebau: Klassische Messebauweise, tischlerm\u00e4ssig gefertigt oder Mischbauweise \u00fcber Oktanorm, Struktura und Mero","robots":{"index":"index","follow":"follow","max-snippet":"max-snippet:-1","max-image-preview":"max-image-preview:large","max-video-preview":"max-video-preview:-1"},"canonical":"https:\/\/seltenlach-messebau.at\/","og_locale":"de_DE","og_type":"article","og_title":"Seltenlach Messebau & Raumausstatter \u2013 Klosterneuburg - Bernhard Nuding","og_description":"Seit mehr als 50 Jahren sind wir Ihr zuverl\u00e4ssiger Partner in Klosterneuburg N\u00e4he Wien und bieten umfangreiche Dienstleistungen f\u00fcr die Gestaltung Ihrer R\u00e4ume an. Darunter befinden sich etwa Aufpolsterungsarbeiten, M\u00f6bel, Bodenverlegungen, Maler, Tapezierer Arbeiten, Ausmessen & Konfektionieren Ihrer Vorh\u00e4nge, Insektenschutz, Jalousien, Plissee, Rollos, Vorhangstangen, Karniesen und noch vieles mehr. Messebau: Klassische Messebauweise, tischlerm\u00e4ssig gefertigt oder Mischbauweise \u00fcber Oktanorm, Struktura und Mero","og_url":"https:\/\/seltenlach-messebau.at\/","og_site_name":"Seltenlach Messebau &amp; Raumausstatter","article_modified_time":"2022-06-08T17:28:24+00:00","og_image":[{"url":"https:\/\/seltenlach-messebau.at\/wp-content\/uploads\/2016\/12\/IMG_1435-768x1024.jpg"}],"twitter_card":"summary_large_image","twitter_misc":{"Gesch\u00e4tzte Lesezeit":"2\u00a0Minuten"},"schema":{"@context":"https:\/\/schema.org","@graph":[{"@type":"Organization","@id":"https:\/\/seltenlach-messebau.at\/#organization","name":"Seltenlach Messebau & Raumausstatter","url":"https:\/\/seltenlach-messebau.at\/","sameAs":[],"logo":{"@type":"ImageObject","inLanguage":"de","@id":"https:\/\/seltenlach-messebau.at\/#\/schema\/logo\/image\/","url":"https:\/\/seltenlach-messebau.at\/wp-content\/uploads\/2016\/05\/Bildschirmfoto-2016-05-05-um-15.00.49.png","contentUrl":"https:\/\/seltenlach-messebau.at\/wp-content\/uploads\/2016\/05\/Bildschirmfoto-2016-05-05-um-15.00.49.png","width":331,"height":120,"caption":"Seltenlach Messebau & Raumausstatter"},"image":{"@id":"https:\/\/seltenlach-messebau.at\/#\/schema\/logo\/image\/"}},{"@type":"WebSite","@id":"https:\/\/seltenlach-messebau.at\/#website","url":"https:\/\/seltenlach-messebau.at\/","name":"Seltenlach Messebau &amp; Raumausstatter","description":"Inhaber: Bernhard Nuding","publisher":{"@id":"https:\/\/seltenlach-messebau.at\/#organization"},"potentialAction":[{"@type":"SearchAction","target":{"@type":"EntryPoint","urlTemplate":"https:\/\/seltenlach-messebau.at\/?s={search_term_string}"},"query-input":"required name=search_term_string"}],"inLanguage":"de"},{"@type":"ImageObject","inLanguage":"de","@id":"https:\/\/seltenlach-messebau.at\/#primaryimage","url":"https:\/\/seltenlach-messebau.at\/wp-content\/uploads\/2016\/12\/IMG_1435.jpg","contentUrl":"https:\/\/seltenlach-messebau.at\/wp-content\/uploads\/2016\/12\/IMG_1435.jpg","width":2448,"height":3264},{"@type":"WebPage","@id":"https:\/\/seltenlach-messebau.at\/#webpage","url":"https:\/\/seltenlach-messebau.at\/","name":"Seltenlach Messebau & Raumausstatter \u2013 Klosterneuburg - Bernhard Nuding","isPartOf":{"@id":"https:\/\/seltenlach-messebau.at\/#website"},"primaryImageOfPage":{"@id":"https:\/\/seltenlach-messebau.at\/#primaryimage"},"datePublished":"2016-04-14T16:41:23+00:00","dateModified":"2022-06-08T17:28:24+00:00","description":"Seit mehr als 50 Jahren sind wir Ihr zuverl\u00e4ssiger Partner in Klosterneuburg N\u00e4he Wien und bieten umfangreiche Dienstleistungen f\u00fcr die Gestaltung Ihrer R\u00e4ume an. Darunter befinden sich etwa Aufpolsterungsarbeiten, M\u00f6bel, Bodenverlegungen, Maler, Tapezierer Arbeiten, Ausmessen & Konfektionieren Ihrer Vorh\u00e4nge, Insektenschutz, Jalousien, Plissee, Rollos, Vorhangstangen, Karniesen und noch vieles mehr. Messebau: Klassische Messebauweise, tischlerm\u00e4ssig gefertigt oder Mischbauweise \u00fcber Oktanorm, Struktura und Mero","breadcrumb":{"@id":"https:\/\/seltenlach-messebau.at\/#breadcrumb"},"inLanguage":"de","potentialAction":[{"@type":"ReadAction","target":["https:\/\/seltenlach-messebau.at\/"]}]},{"@type":"BreadcrumbList","@id":"https:\/\/seltenlach-messebau.at\/#breadcrumb","itemListElement":[{"@type":"ListItem","position":1,"name":"Startseite","item":"https:\/\/seltenlach-messebau.at\/"},{"@type":"ListItem","position":2,"name":"Startseite"}]}]}},"_links":{"self":[{"href":"https:\/\/seltenlach-messebau.at\/index.php\/wp-json\/wp\/v2\/pages\/2"}],"collection":[{"href":"https:\/\/seltenlach-messebau.at\/index.php\/wp-json\/wp\/v2\/pages"}],"about":[{"href":"https:\/\/seltenlach-messebau.at\/index.php\/wp-json\/wp\/v2\/types\/page"}],"author":[{"embeddable":true,"href":"https:\/\/seltenlach-messebau.at\/index.php\/wp-json\/wp\/v2\/users\/1"}],"replies":[{"embeddable":true,"href":"https:\/\/seltenlach-messebau.at\/index.php\/wp-json\/wp\/v2\/comments?post=2"}],"version-history":[{"count":13,"href":"https:\/\/seltenlach-messebau.at\/index.php\/wp-json\/wp\/v2\/pages\/2\/revisions"}],"predecessor-version":[{"id":552,"href":"https:\/\/seltenlach-messebau.at\/index.php\/wp-json\/wp\/v2\/pages\/2\/revisions\/552"}],"wp:attachment":[{"href":"https:\/\/seltenlach-messebau.at\/index.php\/wp-json\/wp\/v2\/media?parent=2"}],"curies":[{"name":"wp","href":"https:\/\/api.w.org\/{rel}","templated":true}]}}